{"id":3518,"date":"2026-04-27T14:35:19","date_gmt":"2026-04-27T14:35:19","guid":{"rendered":""},"modified":"2026-04-27T15:21:06","modified_gmt":"2026-04-27T15:21:06","slug":"%d0%b0%d0%bd%d0%bd%d0%b5-%d0%b8-%d0%ba%d0%b5%d0%b9%d1%82-%d0%bb%d1%83%d0%b1%d0%b5%d1%80%d0%b3-%d0%b4%d0%be%d0%bc-%d0%bd%d0%b0%d1%87%d0%b8%d0%bd%d0%b0%d0%b5%d1%82%d1%81%d1%8f-%d1%81-%d1%80%d0%b5%d1%88","status":"publish","type":"page","link":"https:\/\/hildhouse.ee\/ru\/%d0%bf%d0%be%d0%bb%d0%b5%d0%b7%d0%bd%d0%be-%d0%b7%d0%bd%d0%b0%d1%82%d1%8c\/%d0%b0%d0%bd%d0%bd%d0%b5-%d0%b8-%d0%ba%d0%b5%d0%b9%d1%82-%d0%bb%d1%83%d0%b1%d0%b5%d1%80%d0%b3-%d0%b4%d0%be%d0%bc-%d0%bd%d0%b0%d1%87%d0%b8%d0%bd%d0%b0%d0%b5%d1%82%d1%81%d1%8f-%d1%81-%d1%80%d0%b5%d1%88\/","title":{"rendered":"\u0410\u043d\u043d\u0435 \u0438 \u041a\u0435\u0439\u0442 \u041b\u0443\u0431\u0435\u0440\u0433: \u0434\u043e\u043c \u043d\u0430\u0447\u0438\u043d\u0430\u0435\u0442\u0441\u044f \u0441 \u0440\u0435\u0448\u0435\u043d\u0438\u044f (\u043e\u043f\u0443\u0431\u043b\u0438\u043a\u043e\u0432\u0430\u043d\u043e \u0432 Saarte H\u00e4\u00e4l"},"content":{"rendered":"\t\t<div data-elementor-type=\"wp-page\" data-elementor-id=\"3518\" class=\"elementor elementor-3518\">\n\t\t\t\t<div class=\"elementor-element elementor-element-3c6393a e-con-full e-flex e-con e-parent\" data-id=\"3c6393a\" data-element_type=\"container\" data-settings=\"{&quot;background_background&quot;:&quot;classic&quot;}\">\n\t\t<div class=\"elementor-element elementor-element-ed864e3 e-flex e-con-boxed e-con e-child\" data-id=\"ed864e3\" data-element_type=\"container\">\n\t\t\t\t\t<div class=\"e-con-inner\">\n\t\t<div class=\"elementor-element elementor-element-fd86179 e-con-full e-flex e-con e-child\" data-id=\"fd86179\" data-element_type=\"container\">\n\t\t\t\t<\/div>\n\t\t\t\t\t<\/div>\n\t\t\t\t<\/div>\n\t\t<div class=\"elementor-element elementor-element-350d7fa e-flex e-con-boxed e-con e-child\" data-id=\"350d7fa\" data-element_type=\"container\">\n\t\t\t\t\t<div class=\"e-con-inner\">\n\t\t<div class=\"elementor-element elementor-element-93f3373 e-con-full e-flex e-con e-child\" data-id=\"93f3373\" data-element_type=\"container\" data-settings=\"{&quot;background_background&quot;:&quot;classic&quot;}\">\n\t\t\t\t<div class=\"elementor-element elementor-element-743bd42 hild-reveal elementor-widget__width-initial elementor-widget elementor-widget-heading\" data-id=\"743bd42\" data-element_type=\"widget\" data-widget_type=\"heading.default\">\n\t\t\t\t\t<h1 class=\"elementor-heading-title elementor-size-default\">\u0410\u043d\u043d\u0435 \u0438 \u041a\u0435\u0439\u0442 \u041b\u0443\u0431\u0435\u0440\u0433 \u0432 \u0438\u0441\u0442\u043e\u0440\u0438\u0438 \u043e \u0434\u043e\u043c\u0435 \u0432 Saarte H\u00e4\u00e4l: \u0434\u043e\u043c \u043d\u0430\u0447\u0438\u043d\u0430\u0435\u0442\u0441\u044f \u0441 \u0440\u0435\u0448\u0435\u043d\u0438\u044f<\/h1>\t\t\t\t<\/div>\n\t\t\t\t<\/div>\n\t\t\t\t\t<\/div>\n\t\t\t\t<\/div>\n\t\t\t\t<\/div>\n\t\t<div class=\"elementor-element elementor-element-bb39dd9 e-flex e-con-boxed e-con e-parent\" data-id=\"bb39dd9\" data-element_type=\"container\">\n\t\t\t\t\t<div class=\"e-con-inner\">\n\t\t\t\t<div class=\"elementor-element elementor-element-6864bad elementor-widget elementor-widget-spacer\" data-id=\"6864bad\" data-element_type=\"widget\" data-widget_type=\"spacer.default\">\n\t\t\t\t\t\t\t<div class=\"elementor-spacer\">\n\t\t\t<div class=\"elementor-spacer-inner\"><\/div>\n\t\t<\/div>\n\t\t\t\t\t\t<\/div>\n\t\t\t\t<div class=\"elementor-element elementor-element-74cc2a4 elementor-widget elementor-widget-text-editor\" data-id=\"74cc2a4\" data-element_type=\"widget\" data-widget_type=\"text-editor.default\">\n\t\t\t\t\t\t\t\t\t<p data-start=\"42\" data-end=\"380\">\u0410\u043d\u043d\u0435 \u0438 \u041a\u0435\u0439\u0442 \u0434\u043e\u043b\u0433\u043e \u0438\u0441\u043a\u0430\u043b\u0438 \u0441\u0432\u043e\u0439 \u0434\u043e\u043c &#8212; \u043a\u0430\u043a \u043d\u0430 \u043c\u0430\u0442\u0435\u0440\u0438\u043a\u0435, \u0442\u0430\u043a \u0438 \u043d\u0430 \u0421\u0430\u0430\u0440\u0435\u043c\u0430\u0430. \u041e\u043d\u0438 \u043f\u043e\u0441\u043c\u043e\u0442\u0440\u0435\u043b\u0438 \u043c\u043d\u043e\u0436\u0435\u0441\u0442\u0432\u043e \u0432\u0430\u0440\u0438\u0430\u043d\u0442\u043e\u0432, \u043d\u043e \u043d\u0443\u0436\u043d\u043e\u0433\u043e \u0447\u0443\u0432\u0441\u0442\u0432\u0430 \u043d\u0435 \u0432\u043e\u0437\u043d\u0438\u043a\u0430\u043b\u043e. \u0414\u043e \u0442\u043e\u0433\u043e \u043c\u043e\u043c\u0435\u043d\u0442\u0430, \u043f\u043e\u043a\u0430 \u043d\u0435 \u043e\u043a\u0430\u0437\u0430\u043b\u0438\u0441\u044c \u043d\u0430 \u0445\u0443\u0442\u043e\u0440\u0435 \u041c\u0430\u0442\u0441\u0438. \u00ab\u041a\u043e\u0433\u0434\u0430 \u043c\u044b \u0437\u0430\u0448\u043b\u0438 \u0432\u043e \u0434\u0432\u043e\u0440, \u0443\u0436\u0435 \u043d\u0435 \u0445\u043e\u0442\u0435\u043b\u043e\u0441\u044c \u0443\u0445\u043e\u0434\u0438\u0442\u044c &#8212; \u0437\u0434\u0435\u0441\u044c \u0435\u0441\u0442\u044c \u0447\u0442\u043e-\u0442\u043e \u043e\u0441\u043e\u0431\u0435\u043d\u043d\u043e\u0435. \u0411\u044b\u043b\u043e \u043e\u0449\u0443\u0449\u0435\u043d\u0438\u0435, \u0447\u0442\u043e \u044d\u0442\u043e \u0438 \u0435\u0441\u0442\u044c \u0442\u043e \u0441\u0430\u043c\u043e\u0435 \u043c\u0435\u0441\u0442\u043e\u00bb, &#8212; \u0432\u0441\u043f\u043e\u043c\u0438\u043d\u0430\u0435\u0442 \u0410\u043d\u043d\u0435.<\/p><p data-start=\"382\" data-end=\"1043\">\u041d\u043e\u0432\u044b\u0439 \u0434\u043e\u043c \u043d\u0430 \u0445\u0443\u0442\u043e\u0440\u0435 \u041c\u0430\u0442\u0441\u0438 \u043e\u0441\u043d\u043e\u0432\u0430\u043d \u043d\u0430 \u0442\u0438\u043f\u043e\u0432\u043e\u043c <a href=\"https:\/\/hildhouse.ee\/ru\/\u0434\u043e\u043c-\u043f\u044f\u044d\u0441\u043a\u044e\u043b\u0430\/\"><strong>\u043f\u0440\u043e\u0435\u043a\u0442\u0435 P\u00e4\u00e4sk\u00fcla<\/strong><\/a> \u043e\u0442 Hild House, \u043a\u043e\u0442\u043e\u0440\u044b\u0439 \u0431\u044b\u043b \u0430\u0434\u0430\u043f\u0442\u0438\u0440\u043e\u0432\u0430\u043d \u043f\u043e\u0434 \u043f\u043e\u0436\u0435\u043b\u0430\u043d\u0438\u044f \u0438 \u043e\u0431\u0440\u0430\u0437 \u0436\u0438\u0437\u043d\u0438 \u0437\u0430\u043a\u0430\u0437\u0447\u0438\u043a\u043e\u0432. \u0418\u043c\u0435\u043d\u043d\u043e \u0433\u0438\u0431\u043a\u043e\u0441\u0442\u044c \u043b\u0435\u0436\u0438\u0442 \u0432 \u043e\u0441\u043d\u043e\u0432\u0435 \u043f\u043e\u0434\u0445\u043e\u0434\u0430 Hild House: \u0434\u043e\u043c \u043d\u0435 \u0434\u043e\u043b\u0436\u0435\u043d \u0432\u043f\u0438\u0441\u044b\u0432\u0430\u0442\u044c\u0441\u044f \u0432 \u0436\u0451\u0441\u0442\u043a\u0438\u0435 \u0440\u0430\u043c\u043a\u0438, \u043e\u043d \u0444\u043e\u0440\u043c\u0438\u0440\u0443\u0435\u0442\u0441\u044f \u0432\u043c\u0435\u0441\u0442\u0435 \u0441 \u0431\u0443\u0434\u0443\u0449\u0438\u043c\u0438 \u0436\u0438\u0442\u0435\u043b\u044f\u043c\u0438. \u0412\u0441\u0435 \u0434\u043e\u043c\u0430 \u0438\u043c\u0435\u044e\u0442 \u043d\u0435\u0441\u0443\u0449\u0438\u0435 \u043d\u0430\u0440\u0443\u0436\u043d\u044b\u0435 \u0441\u0442\u0435\u043d\u044b \u0438\u0437 \u0431\u043b\u043e\u043a\u043e\u0432 Bauroc 375, \u0430 \u0432\u043d\u0443\u0442\u0440\u0435\u043d\u043d\u0438\u0435 \u043d\u0435\u043d\u0435\u0441\u0443\u0449\u0438\u0435 \u043f\u0435\u0440\u0435\u0433\u043e\u0440\u043e\u0434\u043a\u0438 \u0432\u044b\u043f\u043e\u043b\u043d\u0435\u043d\u044b \u0438\u0437 \u0433\u0438\u043f\u0441\u043e\u043a\u0430\u0440\u0442\u043e\u043d\u0430 \u043d\u0430 \u043c\u0435\u0442\u0430\u043b\u043b\u0438\u0447\u0435\u0441\u043a\u043e\u043c \u043a\u0430\u0440\u043a\u0430\u0441\u0435. \u0422\u0430\u043a\u043e\u0435 \u0440\u0435\u0448\u0435\u043d\u0438\u0435 \u0434\u0430\u0451\u0442 \u0431\u0443\u0434\u0443\u0449\u0438\u043c \u0432\u043b\u0430\u0434\u0435\u043b\u044c\u0446\u0430\u043c \u0441\u0432\u043e\u0431\u043e\u0434\u0443 \u0441\u043e\u0437\u0434\u0430\u0432\u0430\u0442\u044c \u0434\u043e\u043c \u043f\u043e\u0434 \u0441\u0432\u043e\u0438 \u043f\u043e\u0442\u0440\u0435\u0431\u043d\u043e\u0441\u0442\u0438 &#8212; \u0434\u043e\u0431\u0430\u0432\u043b\u044f\u0442\u044c \u043f\u043e\u043c\u0435\u0449\u0435\u043d\u0438\u044f, \u043c\u0435\u043d\u044f\u0442\u044c \u043f\u043b\u0430\u043d\u0438\u0440\u043e\u0432\u043a\u0443 \u0438\u043b\u0438 \u0432\u044b\u0431\u0438\u0440\u0430\u0442\u044c \u0438\u043d\u0434\u0438\u0432\u0438\u0434\u0443\u0430\u043b\u044c\u043d\u044b\u0435 \u0440\u0435\u0448\u0435\u043d\u0438\u044f \u0434\u043b\u044f \u0432\u043d\u0443\u0442\u0440\u0435\u043d\u043d\u0435\u0439 \u0438 \u0432\u043d\u0435\u0448\u043d\u0435\u0439 \u043e\u0442\u0434\u0435\u043b\u043a\u0438, \u043a\u0430\u043a \u044d\u0442\u043e \u0431\u044b\u043b\u043e \u0441\u0434\u0435\u043b\u0430\u043d\u043e \u0432 \u043f\u0440\u043e\u0435\u043a\u0442\u0435 \u0445\u0443\u0442\u043e\u0440\u0430 \u041c\u0430\u0442\u0441\u0438.<\/p>\t\t\t\t\t\t\t\t<\/div>\n\t\t\t\t\t<\/div>\n\t\t\t\t<\/div>\n\t\t<div class=\"elementor-element elementor-element-b105f8a e-flex e-con-boxed e-con e-parent\" data-id=\"b105f8a\" data-element_type=\"container\">\n\t\t\t\t\t<div class=\"e-con-inner\">\n\t\t<div class=\"elementor-element elementor-element-04f6429 e-con-full e-flex e-con e-child\" data-id=\"04f6429\" data-element_type=\"container\">\n\t\t<div class=\"elementor-element elementor-element-fbe1b9c e-con-full hild-reveal delay-3 e-flex e-con e-child\" data-id=\"fbe1b9c\" data-element_type=\"container\">\n\t\t<div class=\"elementor-element elementor-element-a77362a e-con-full e-flex e-con e-child\" data-id=\"a77362a\" data-element_type=\"container\" data-settings=\"{&quot;background_background&quot;:&quot;classic&quot;}\">\n\t\t<div class=\"elementor-element elementor-element-99e950c e-con-full e-flex e-con e-child\" data-id=\"99e950c\" data-element_type=\"container\" data-settings=\"{&quot;position&quot;:&quot;absolute&quot;}\">\n\t\t\t\t<\/div>\n\t\t\t\t<\/div>\n\t\t\t\t<\/div>\n\t\t\t\t<div class=\"elementor-element elementor-element-8d8dac9 elementor-widget elementor-widget-text-editor\" data-id=\"8d8dac9\" data-element_type=\"widget\" data-widget_type=\"text-editor.default\">\n\t\t\t\t\t\t\t\t\t<p data-start=\"156\" data-end=\"326\"><strong><a href=\"https:\/\/saartehaal.postimees.ee\/8459048\/anne-ja-keit-luberg-kodu-algab-otsusest\">\u0424\u043e\u0442\u043e: \u0421\u0430\u043d\u0434\u0435\u0440 \u0418\u043b\u0432\u0435\u0441\u0442 (<span class=\"hover:entity-accent entity-underline inline cursor-pointer align-baseline\"><span class=\"whitespace-normal\">Saarte H\u00e4\u00e4l<\/span><\/span>)<\/a><\/strong><\/p>\t\t\t\t\t\t\t\t<\/div>\n\t\t\t\t<\/div>\n\t\t<div class=\"elementor-element elementor-element-47b533c e-con-full e-flex e-con e-child\" data-id=\"47b533c\" data-element_type=\"container\">\n\t\t\t\t<div class=\"elementor-element elementor-element-ae2d83f elementor-widget elementor-widget-text-editor\" data-id=\"ae2d83f\" data-element_type=\"widget\" data-widget_type=\"text-editor.default\">\n\t\t\t\t\t\t\t\t\t<div class=\"article-body__item article-body__item--htmlElement article-body__item--fs article-body__item--lead\"><div class=\"article-body__item article-body__item--htmlElement article-body__item--fs article-body__item--lead\"><p data-start=\"1045\" data-end=\"1236\">\u00ab\u0421 \u043f\u0440\u043e\u0448\u043b\u043e\u0433\u043e \u043b\u0435\u0442\u0430 \u043c\u044b \u0443\u0436\u0435 \u043f\u043e-\u043d\u0430\u0441\u0442\u043e\u044f\u0449\u0435\u043c\u0443 \u0437\u0434\u0435\u0441\u044c &#8212; \u0432\u0441\u0451 \u043b\u0435\u0442\u043e \u0436\u0438\u043b\u0438 \u0441 \u0434\u0435\u0442\u044c\u043c\u0438 \u0432 \u0441\u0442\u0430\u0440\u043e\u043c \u0434\u043e\u043c\u0435. \u0421\u0435\u0439\u0447\u0430\u0441 \u043f\u043e\u043a\u0430 \u0435\u0437\u0434\u0438\u043c \u0442\u0443\u0434\u0430-\u0441\u044e\u0434\u0430 \u0432 \u0433\u043e\u0440\u043e\u0434, \u043f\u043e\u0442\u043e\u043c\u0443 \u0447\u0442\u043e \u0437\u0438\u043c\u043e\u0439 \u0437\u0434\u0435\u0441\u044c \u0435\u0449\u0451 \u043d\u0435 \u0431\u044b\u043b\u043e \u0443\u0441\u043b\u043e\u0432\u0438\u0439 \u0434\u043b\u044f \u0436\u0438\u0437\u043d\u0438\u00bb, &#8212; \u0433\u043e\u0432\u043e\u0440\u0438\u0442 \u0410\u043d\u043d\u0435.<\/p><p data-start=\"1238\" data-end=\"1497\">\u041d\u0430 \u043c\u0435\u0441\u0442\u0435 \u0441\u0442\u0430\u0440\u043e\u0433\u043e \u0434\u043e\u043c\u0430 \u0441\u0435\u0439\u0447\u0430\u0441 \u043f\u043e\u0447\u0442\u0438 \u0433\u043e\u0442\u043e\u0432 \u043d\u043e\u0432\u044b\u0439. \u041a\u0435\u0439\u0442 \u0432\u0441\u043f\u043e\u043c\u0438\u043d\u0430\u0435\u0442, \u0447\u0442\u043e \u0438\u0437\u043d\u0430\u0447\u0430\u043b\u044c\u043d\u043e \u043f\u043b\u0430\u043d\u0438\u0440\u043e\u0432\u0430\u043b\u043e\u0441\u044c \u043e\u0442\u0440\u0435\u0441\u0442\u0430\u0432\u0440\u0438\u0440\u043e\u0432\u0430\u0442\u044c \u0441\u0442\u0430\u0440\u043e\u0435 \u0437\u0434\u0430\u043d\u0438\u0435 &#8212; \u043e\u0431\u043d\u043e\u0432\u0438\u0442\u044c \u0435\u0433\u043e \u043f\u043e \u043c\u0430\u043a\u0441\u0438\u043c\u0443\u043c\u0443 \u0438 \u043f\u0440\u0438\u0441\u0442\u0440\u043e\u0438\u0442\u044c \u043d\u043e\u0432\u0443\u044e \u0447\u0430\u0441\u0442\u044c. \u041d\u043e \u0431\u043e\u043b\u0435\u0435 \u0434\u0435\u0442\u0430\u043b\u044c\u043d\u043e\u0435 \u043e\u0431\u0441\u043b\u0435\u0434\u043e\u0432\u0430\u043d\u0438\u0435 \u043f\u043e\u043a\u0430\u0437\u0430\u043b\u043e, \u0447\u0442\u043e \u0431\u0440\u0451\u0432\u043d\u0430 \u0433\u043e\u0434\u044f\u0442\u0441\u044f \u0440\u0430\u0437\u0432\u0435 \u0447\u0442\u043e \u043d\u0430 \u0434\u0440\u043e\u0432\u0430.<\/p><p data-start=\"1499\" data-end=\"1827\">\u00ab\u041c\u044b \u0434\u0430\u0436\u0435 \u043d\u0430\u0448\u043b\u0438 \u201c\u0437\u0430\u043a\u043b\u0430\u0434\u043d\u043e\u0439 \u043a\u0430\u043c\u0435\u043d\u044c\u201d \u0434\u043e\u043c\u0430 &#8212; \u043e\u043d \u0431\u044b\u043b \u0432\u043d\u0443\u0442\u0440\u0438 \u0441\u0442\u0430\u0440\u043e\u0433\u043e \u0444\u0443\u043d\u0434\u0430\u043c\u0435\u043d\u0442\u0430, \u043f\u0440\u044f\u043c\u043e \u043f\u043e\u0441\u0435\u0440\u0435\u0434\u0438\u043d\u0435. \u0413\u043e\u0432\u043e\u0440\u044f\u0442, \u043f\u043e\u0434 \u0442\u0430\u043a\u0438\u043c \u043a\u0430\u043c\u043d\u0435\u043c \u0432\u0441\u0435\u0433\u0434\u0430 \u0434\u043e\u043b\u0436\u043d\u0430 \u0431\u044b\u0442\u044c \u0437\u043e\u043b\u043e\u0442\u0430\u044f \u043c\u043e\u043d\u0435\u0442\u0430, \u043d\u043e \u043c\u044b \u0435\u0451 \u0442\u0430\u043a \u0438 \u043d\u0435 \u043d\u0430\u0448\u043b\u0438. \u0417\u0430\u0442\u043e \u043d\u0430 \u043a\u0430\u043c\u043d\u0435 \u0431\u044b\u043b\u0438 \u0438\u043d\u0438\u0446\u0438\u0430\u043b\u044b J \u0438 T \u0438 \u0434\u0430\u0442\u0430 1932. \u042d\u0442\u043e \u043f\u0440\u043e\u0431\u0443\u0434\u0438\u043b\u043e \u0438\u043d\u0442\u0435\u0440\u0435\u0441 \u043a \u0438\u0441\u0442\u043e\u0440\u0438\u0438 \u0445\u0443\u0442\u043e\u0440\u0430. \u041f\u043e\u043a\u0430 \u0443\u0434\u0430\u043b\u043e\u0441\u044c \u0432\u044b\u044f\u0441\u043d\u0438\u0442\u044c, \u0447\u0442\u043e \u0441\u0430\u043c\u043e\u0433\u043e \u043f\u0435\u0440\u0432\u043e\u0433\u043e \u0445\u043e\u0437\u044f\u0438\u043d\u0430 \u0437\u0432\u0430\u043b\u0438 \u041c\u0430\u0440\u0442\u00bb.<\/p><p data-start=\"1829\" data-end=\"2004\">\u0410\u043d\u043d\u0435 \u043f\u0440\u0438\u0437\u043d\u0430\u0451\u0442\u0441\u044f, \u0447\u0442\u043e \u043d\u0435 \u043c\u043e\u0436\u0435\u0442 \u043d\u0430\u0445\u0432\u0430\u043b\u0438\u0442\u044c\u0441\u044f \u0441\u0442\u0440\u043e\u0438\u0442\u0435\u043b\u044f\u043c\u0438 &#8212; \u0434\u0430\u0436\u0435 \u043c\u0435\u0441\u0442\u043d\u044b\u0435 \u0436\u0438\u0442\u0435\u043b\u0438 \u043d\u0430\u0431\u043b\u044e\u0434\u0430\u043b\u0438 \u0437\u0430 \u043f\u0440\u043e\u0446\u0435\u0441\u0441\u043e\u043c \u043a\u0430\u043a \u0437\u0430 \u0444\u0438\u043b\u044c\u043c\u043e\u043c \u0438\u043b\u0438 \u043d\u0430\u0441\u0442\u043e\u044f\u0449\u0438\u043c \u0447\u0443\u0434\u043e\u043c. \u041e\u043a\u0430\u0437\u044b\u0432\u0430\u0435\u0442\u0441\u044f, \u0441\u0442\u0440\u043e\u0438\u0442\u044c \u043c\u043e\u0436\u043d\u043e \u0438 \u0442\u0430\u043a \u0431\u044b\u0441\u0442\u0440\u043e.<\/p><\/div><\/div>\t\t\t\t\t\t\t\t<\/div>\n\t\t\t\t<div class=\"elementor-element elementor-element-c23a432 elementor-widget elementor-widget-button\" data-id=\"c23a432\" data-element_type=\"widget\" data-widget_type=\"button.default\">\n\t\t\t\t\t\t\t\t\t\t<a class=\"elementor-button elementor-button-link elementor-size-sm\" href=\"https:\/\/saartehaal.postimees.ee\/8459048\/anne-ja-keit-luberg-kodu-algab-otsusest\" target=\"_blank\">\n\t\t\t\t\t\t<span class=\"elementor-button-content-wrapper\">\n\t\t\t\t\t\t<span class=\"elementor-button-icon\">\n\t\t\t\t<svg xmlns=\"http:\/\/www.w3.org\/2000\/svg\" width=\"12\" height=\"10\" viewBox=\"0 0 12 10\" fill=\"none\"><path d=\"M0.5 5H11M11 5L8 0.5M11 5L8 9\" stroke=\"black\" stroke-linecap=\"round\"><\/path><\/svg>\t\t\t<\/span>\n\t\t\t\t\t\t\t\t\t<span class=\"elementor-button-text\">\u0427\u0438\u0442\u0430\u0439\u0442\u0435 \u043f\u043e\u043b\u043d\u0443\u044e \u0438\u0441\u0442\u043e\u0440\u0438\u044e \u0432 Saarte H\u00e4\u00e4l<\/span>\n\t\t\t\t\t<\/span>\n\t\t\t\t\t<\/a>\n\t\t\t\t\t\t\t\t<\/div>\n\t\t\t\t<\/div>\n\t\t\t\t\t<\/div>\n\t\t\t\t<\/div>\n\t\t\t\t<\/div>\n\t\t","protected":false},"excerpt":{"rendered":"<p>\u0410\u043d\u043d\u0435 \u0438 \u041a\u0435\u0439\u0442 \u041b\u0443\u0431\u0435\u0440\u0433 \u0432 \u0438\u0441\u0442\u043e\u0440\u0438\u0438 \u043e \u0434\u043e\u043c\u0435 \u0432 Saarte H\u00e4\u00e4l: \u0434\u043e\u043c \u043d\u0430\u0447\u0438\u043d\u0430\u0435\u0442\u0441\u044f \u0441 \u0440\u0435\u0448\u0435\u043d\u0438\u044f \u0410\u043d\u043d\u0435 \u0438 \u041a\u0435\u0439\u0442 \u0434\u043e\u043b\u0433\u043e \u0438\u0441\u043a\u0430\u043b\u0438 [&hellip;]<\/p>\n","protected":false},"author":3,"featured_media":0,"parent":2906,"menu_order":0,"comment_status":"closed","ping_status":"closed","template":"elementor_header_footer","meta":{"site-sidebar-layout":"no-sidebar","site-content-layout":"","ast-site-content-layout":"full-width-container","site-content-style":"default","site-sidebar-style":"default","ast-global-header-display":"","ast-banner-title-visibility":"","ast-main-header-display":"","ast-hfb-above-header-display":"","ast-hfb-below-header-display":"","ast-hfb-mobile-header-display":"","site-post-title":"","ast-breadcrumbs-content":"","ast-featured-img":"disabled","footer-sml-layout":"","ast-disable-related-posts":"","theme-transparent-header-meta":"default","adv-header-id-meta":"","stick-header-meta":"","header-above-stick-meta":"","header-main-stick-meta":"","header-below-stick-meta":"","astra-migrate-meta-layouts":"default","ast-page-background-enabled":"default","ast-page-background-meta":{"desktop":{"background-color":"var(--ast-global-color-5)","background-image":"","background-repeat":"repeat","background-position":"center center","background-size":"auto","background-attachment":"scroll","background-type":"","background-media":"","overlay-type":"","overlay-color":"","overlay-opacity":"","overlay-gradient":""},"tablet":{"background-color":"","background-image":"","background-repeat":"repeat","background-position":"center center","background-size":"auto","background-attachment":"scroll","background-type":"","background-media":"","overlay-type":"","overlay-color":"","overlay-opacity":"","overlay-gradient":""},"mobile":{"background-color":"","background-image":"","background-repeat":"repeat","background-position":"center center","background-size":"auto","background-attachment":"scroll","background-type":"","background-media":"","overlay-type":"","overlay-color":"","overlay-opacity":"","overlay-gradient":""}},"ast-content-background-meta":{"desktop":{"background-color":"var(--ast-global-color-4)","background-image":"","background-repeat":"repeat","background-position":"center center","background-size":"auto","background-attachment":"scroll","background-type":"","background-media":"","overlay-type":"","overlay-color":"","overlay-opacity":"","overlay-gradient":""},"tablet":{"background-color":"var(--ast-global-color-4)","background-image":"","background-repeat":"repeat","background-position":"center center","background-size":"auto","background-attachment":"scroll","background-type":"","background-media":"","overlay-type":"","overlay-color":"","overlay-opacity":"","overlay-gradient":""},"mobile":{"background-color":"var(--ast-global-color-4)","background-image":"","background-repeat":"repeat","background-position":"center center","background-size":"auto","background-attachment":"scroll","background-type":"","background-media":"","overlay-type":"","overlay-color":"","overlay-opacity":"","overlay-gradient":""}},"footnotes":""},"class_list":["post-3518","page","type-page","status-publish","hentry"],"aioseo_notices":[],"_links":{"self":[{"href":"https:\/\/hildhouse.ee\/ru\/wp-json\/wp\/v2\/pages\/3518","targetHints":{"allow":["GET"]}}],"collection":[{"href":"https:\/\/hildhouse.ee\/ru\/wp-json\/wp\/v2\/pages"}],"about":[{"href":"https:\/\/hildhouse.ee\/ru\/wp-json\/wp\/v2\/types\/page"}],"author":[{"embeddable":true,"href":"https:\/\/hildhouse.ee\/ru\/wp-json\/wp\/v2\/users\/3"}],"replies":[{"embeddable":true,"href":"https:\/\/hildhouse.ee\/ru\/wp-json\/wp\/v2\/comments?post=3518"}],"version-history":[{"count":4,"href":"https:\/\/hildhouse.ee\/ru\/wp-json\/wp\/v2\/pages\/3518\/revisions"}],"predecessor-version":[{"id":3526,"href":"https:\/\/hildhouse.ee\/ru\/wp-json\/wp\/v2\/pages\/3518\/revisions\/3526"}],"up":[{"embeddable":true,"href":"https:\/\/hildhouse.ee\/ru\/wp-json\/wp\/v2\/pages\/2906"}],"wp:attachment":[{"href":"https:\/\/hildhouse.ee\/ru\/wp-json\/wp\/v2\/media?parent=3518"}],"curies":[{"name":"wp","href":"https:\/\/api.w.org\/{rel}","templated":true}]}}