{"id":2370,"date":"2025-12-29T18:05:14","date_gmt":"2025-12-29T18:05:14","guid":{"rendered":"https:\/\/hildhouse.ee\/%d0%ba%d0%be%d0%bd%d1%82%d0%b0%d0%ba%d1%82%d1%8b\/"},"modified":"2026-03-27T08:18:01","modified_gmt":"2026-03-27T08:18:01","slug":"%d0%ba%d0%be%d0%bd%d1%82%d0%b0%d0%ba%d1%82%d1%8b","status":"publish","type":"page","link":"https:\/\/hildhouse.ee\/ru\/%d0%ba%d0%be%d0%bd%d1%82%d0%b0%d0%ba%d1%82%d1%8b\/","title":{"rendered":"\u041a\u043e\u043d\u0442\u0430\u043a\u0442\u044b"},"content":{"rendered":"\t\t<div data-elementor-type=\"wp-page\" data-elementor-id=\"2370\" class=\"elementor elementor-2370\">\n\t\t\t\t<div class=\"elementor-element elementor-element-1ac8bec e-flex e-con-boxed e-con e-parent\" data-id=\"1ac8bec\" data-element_type=\"container\" data-settings=\"{&quot;background_background&quot;:&quot;gradient&quot;}\">\n\t\t\t\t\t<div class=\"e-con-inner\">\n\t\t<div class=\"elementor-element elementor-element-929b511 e-con-full e-flex e-con e-child\" data-id=\"929b511\" data-element_type=\"container\">\n\t\t<div class=\"elementor-element elementor-element-fdda298 e-con-full e-flex e-con e-child\" data-id=\"fdda298\" data-element_type=\"container\">\n\t\t<div class=\"elementor-element elementor-element-8674047 e-con-full hild-reveal e-flex e-con e-child\" data-id=\"8674047\" data-element_type=\"container\">\n\t\t\t\t<div class=\"elementor-element elementor-element-138b4d9 elementor-widget elementor-widget-heading\" data-id=\"138b4d9\" data-element_type=\"widget\" data-widget_type=\"heading.default\">\n\t\t\t\t\t<span class=\"elementor-heading-title elementor-size-default\">Hild House O\u00dc<\/span>\t\t\t\t<\/div>\n\t\t\t\t<div class=\"elementor-element elementor-element-35c7bd0 elementor-widget elementor-widget-heading\" data-id=\"35c7bd0\" data-element_type=\"widget\" data-widget_type=\"heading.default\">\n\t\t\t\t\t<span class=\"elementor-heading-title elementor-size-default\"><a href=\"mailto:hildhouse@hildhouse.ee\">hildhouse@hildhouse.ee<\/a><\/span>\t\t\t\t<\/div>\n\t\t\t\t<div class=\"elementor-element elementor-element-1dcaef8 elementor-widget elementor-widget-heading\" data-id=\"1dcaef8\" data-element_type=\"widget\" data-widget_type=\"heading.default\">\n\t\t\t\t\t<span class=\"elementor-heading-title elementor-size-default\"><a href=\"tel:+372%205555555\">+372 5 222 412<\/a><\/span>\t\t\t\t<\/div>\n\t\t\t\t<div class=\"elementor-element elementor-element-ab929cb elementor-widget elementor-widget-heading\" data-id=\"ab929cb\" data-element_type=\"widget\" data-widget_type=\"heading.default\">\n\t\t\t\t\t<span class=\"elementor-heading-title elementor-size-default\">\u041f\u043e\u0434\u043f\u0438\u0441\u044b\u0432\u0430\u0439\u0442\u0435\u0441\u044c \u043d\u0430 \u043d\u0430\u0441 \u0432 \u0441\u043e\u0446\u0438\u0430\u043b\u044c\u043d\u044b\u0445 \u0441\u0435\u0442\u044f\u0445!<\/span>\t\t\t\t<\/div>\n\t\t<div class=\"elementor-element elementor-element-831d1da e-con-full e-flex e-con e-child\" data-id=\"831d1da\" data-element_type=\"container\">\n\t\t\t\t<div class=\"elementor-element elementor-element-60d45f1 elementor-widget elementor-widget-image\" data-id=\"60d45f1\" data-element_type=\"widget\" data-widget_type=\"image.default\">\n\t\t\t\t\t\t\t\t\t\t\t\t\t\t\t\t<a href=\"https:\/\/www.instagram.com\/hild_house\/\" target=\"_blank\">\n\t\t\t\t\t\t\t<img decoding=\"async\" width=\"64\" height=\"64\" src=\"https:\/\/hildhouse.ee\/wp-content\/uploads\/2025\/12\/instagram.png\" class=\"attachment-large size-large wp-image-1933\" alt=\"\" \/>\t\t\t\t\t\t\t\t<\/a>\n\t\t\t\t\t\t\t\t\t\t\t\t\t\t\t<\/div>\n\t\t\t\t<div class=\"elementor-element elementor-element-72bd255 elementor-widget elementor-widget-image\" data-id=\"72bd255\" data-element_type=\"widget\" data-widget_type=\"image.default\">\n\t\t\t\t\t\t\t\t\t\t\t\t\t\t\t\t<a href=\"https:\/\/www.facebook.com\/profile.php?id=61584316710187\" target=\"_blank\">\n\t\t\t\t\t\t\t<img decoding=\"async\" width=\"64\" height=\"64\" src=\"https:\/\/hildhouse.ee\/wp-content\/uploads\/2025\/12\/facebook.png\" class=\"attachment-large size-large wp-image-1934\" alt=\"\" \/>\t\t\t\t\t\t\t\t<\/a>\n\t\t\t\t\t\t\t\t\t\t\t\t\t\t\t<\/div>\n\t\t\t\t<\/div>\n\t\t\t\t<div class=\"elementor-element elementor-element-3ecd163 elementor-widget elementor-widget-spacer\" data-id=\"3ecd163\" data-element_type=\"widget\" data-widget_type=\"spacer.default\">\n\t\t\t\t\t\t\t<div class=\"elementor-spacer\">\n\t\t\t<div class=\"elementor-spacer-inner\"><\/div>\n\t\t<\/div>\n\t\t\t\t\t\t<\/div>\n\t\t\t\t<div class=\"elementor-element elementor-element-34a94d6 elementor-widget elementor-widget-heading\" data-id=\"34a94d6\" data-element_type=\"widget\" data-widget_type=\"heading.default\">\n\t\t\t\t\t<span class=\"elementor-heading-title elementor-size-default\">\u041c\u0430\u0440\u043a\u0435\u0442\u0438\u043d\u0433\u043e\u0432\u044b\u0435 \u0437\u0430\u043f\u0440\u043e\u0441\u044b<\/span>\t\t\t\t<\/div>\n\t\t\t\t<div class=\"elementor-element elementor-element-bcaa163 elementor-widget elementor-widget-heading\" data-id=\"bcaa163\" data-element_type=\"widget\" data-widget_type=\"heading.default\">\n\t\t\t\t\t<span class=\"elementor-heading-title elementor-size-default\"><a href=\"mailto:hildhouse@hildhouse.ee\">marketing@hildhouse.ee<\/a><\/span>\t\t\t\t<\/div>\n\t\t\t\t<div class=\"elementor-element elementor-element-2ad8fea elementor-widget elementor-widget-heading\" data-id=\"2ad8fea\" data-element_type=\"widget\" data-widget_type=\"heading.default\">\n\t\t\t\t\t<span class=\"elementor-heading-title elementor-size-default\"><a href=\"mailto:hildhouse@hildhouse.ee\">+372 5383 8108 (EST\/ENG)<\/a><\/span>\t\t\t\t<\/div>\n\t\t\t\t<\/div>\n\t\t\t\t<div class=\"elementor-element elementor-element-c0330b1 elementor-widget elementor-widget-image\" data-id=\"c0330b1\" data-element_type=\"widget\" data-widget_type=\"image.default\">\n\t\t\t\t\t\t\t\t\t\t\t\t\t\t\t<img fetchpriority=\"high\" decoding=\"async\" width=\"611\" height=\"400\" src=\"https:\/\/hildhouse.ee\/wp-content\/uploads\/2025\/12\/Vector-91.svg\" class=\"attachment-large size-large wp-image-880\" alt=\"Kvaliteetsed eramud ilma moodullahendusteta. Must karp, valge karp v\u00f5i v\u00f5tmed k\u00e4tte majad 85 kuni 185 m\u00b2. Tutvu projektide ja hinnakirjaga.\" \/>\t\t\t\t\t\t\t\t\t\t\t\t\t\t\t<\/div>\n\t\t\t\t<\/div>\n\t\t<div class=\"elementor-element elementor-element-475817e e-con-full hild-reveal delay-2 e-flex e-con e-child\" data-id=\"475817e\" data-element_type=\"container\">\n\t\t\t\t<div class=\"elementor-element elementor-element-45794a5 elementor-widget elementor-widget-shortcode\" data-id=\"45794a5\" data-element_type=\"widget\" data-widget_type=\"shortcode.default\">\n\t\t\t\t\t\t\t<div class=\"elementor-shortcode\"><div class=\"mf-form-shortcode\">\r\n\t\t<div\r\n\t\t\tid=\"metform-wrap-2564-2564\"\r\n\t\t\tclass=\"mf-form-wrapper\"\r\n\t\t\tdata-form-id=\"2564\"\r\n\t\t\tdata-action=\"https:\/\/hildhouse.ee\/ru\/wp-json\/metform\/v1\/entries\/insert\/2564\"\r\n\t\t\tdata-wp-nonce=\"6307d38c10\"\r\n\t\t\tdata-form-nonce=\"d1ef282547\"\r\n\t\t\tdata-quiz-summery = \"false\"\r\n\t\t\tdata-save-progress = \"false\"\r\n\t\t\tdata-form-type=\"general-form\"\r\n\t\t\tdata-stop-vertical-effect=\"\"\r\n\t\t\t><\/div>\r\n\r\n\r\n\t\t<!----------------------------- \r\n\t\t\t* controls_data : find the the props passed indie of data attribute\r\n\t\t\t* props.SubmitResponseMarkup : contains the markup of error or success message\r\n\t\t\t* https:\/\/developer.mozilla.org\/en-US\/docs\/Web\/JavaScript\/Reference\/Template_literals\r\n\t\t--------------------------- -->\r\n\r\n\t\t\t\t<script type=\"text\/mf\" class=\"mf-template\">\r\n\t\t\tfunction controls_data (value){\r\n\t\t\t\tlet currentWrapper = \"mf-response-props-id-2564\";\r\n\t\t\t\tlet currentEl = document.getElementById(currentWrapper);\r\n\t\t\t\t\r\n\t\t\t\treturn currentEl ? currentEl.dataset[value] : false\r\n\t\t\t}\r\n\r\n\r\n\t\t\tlet is_edit_mode = '' ? true : false;\r\n\t\t\tlet message_position = controls_data('messageposition') || 'top';\r\n\r\n\t\t\t\r\n\t\t\tlet message_successIcon = controls_data('successicon') || '';\r\n\t\t\tlet message_errorIcon = controls_data('erroricon') || '';\r\n\t\t\tlet message_editSwitch = controls_data('editswitchopen') === 'yes' ? true : false;\r\n\t\t\tlet message_proClass = controls_data('editswitchopen') === 'yes' ? 'mf_pro_activated' : '';\r\n\t\t\t\r\n\t\t\tlet is_dummy_markup = is_edit_mode && message_editSwitch ? true : false;\r\n\r\n\t\t\t\r\n\t\t\treturn html`\r\n\t\t\t\t<form\r\n\t\t\t\t\tclassName=\"metform-form-content\"\r\n\t\t\t\t\tref=${parent.formContainerRef}\r\n\t\t\t\t\tonSubmit=${ validation.handleSubmit( parent.handleFormSubmit ) }\r\n\t\t\t\t\r\n\t\t\t\t\t>\r\n\t\t\t\r\n\t\t\t\r\n\t\t\t\t\t${is_dummy_markup ? message_position === 'top' ?  props.ResponseDummyMarkup(message_successIcon, message_proClass) : '' : ''}\r\n\t\t\t\t\t${is_dummy_markup ? ' ' :  message_position === 'top' ? props.SubmitResponseMarkup`${parent}${state}${message_successIcon}${message_errorIcon}${message_proClass}` : ''}\r\n\r\n\t\t\t\t\t<!--------------------------------------------------------\r\n\t\t\t\t\t*** IMPORTANT \/ DANGEROUS ***\r\n\t\t\t\t\t${html``} must be used as in immediate child of \"metform-form-main-wrapper\"\r\n\t\t\t\t\tclass otherwise multistep form will not run at all\r\n\t\t\t\t\t---------------------------------------------------------->\r\n\r\n\t\t\t\t\t<div className=\"metform-form-main-wrapper\" key=${'hide-form-after-submit'} ref=${parent.formRef}>\r\n\t\t\t\t\t${html`\r\n\t\t\t\t\t\t\t\t<div data-elementor-type=\"wp-post\" key=\"2\" data-elementor-id=\"2564\" className=\"elementor elementor-2564\">\n\t\t\t\t<div className=\"elementor-element elementor-element-7e64407 e-flex e-con-boxed e-con e-parent\" data-id=\"7e64407\" data-element_type=\"container\">\n\t\t\t\t\t<div className=\"e-con-inner\">\n\t\t\t\t<div className=\"elementor-element elementor-element-47b1bbe elementor-widget elementor-widget-heading\" data-id=\"47b1bbe\" data-element_type=\"widget\" data-widget_type=\"heading.default\">\n\t\t\t\t\t<h2 className=\"elementor-heading-title elementor-size-default\">\u0421\u0432\u044f\u0436\u0438\u0442\u0435\u0441\u044c \u0441 \u043d\u0430\u043c\u0438<\/h2>\t\t\t\t<\/div>\n\t\t<div className=\"elementor-element elementor-element-7da204b e-con-full e-grid e-con e-child\" data-id=\"7da204b\" data-element_type=\"container\">\n\t\t\t\t<div className=\"elementor-element elementor-element-e545d00 elementor-widget elementor-widget-mf-text\" data-id=\"e545d00\" data-element_type=\"widget\" data-settings=\"{&quot;mf_input_name&quot;:&quot;Nimi&quot;}\" data-widget_type=\"mf-text.default\">\n\t\t\t\t\t\r\n\t\t<div className=\"mf-input-wrapper\">\r\n\t\t\t\t\t\t\t<label className=\"mf-input-label\" htmlFor=\"mf-input-text-e545d00\">\r\n\t\t\t\t\t${ parent.decodeEntities(``) } \t\t\t\t\t<span className=\"mf-input-required-indicator\">*<\/span>\r\n\t\t\t\t<\/label>\r\n\t\t\t\r\n\t\t\t<input\r\n\t\t\t\ttype=\"text\"\r\n\t\t\t\tclassName=\"mf-input \"\r\n\t\t\t\tid=\"mf-input-text-e545d00\"\r\n\t\t\t\tname=\"Nimi\"\r\n\t\t\t\tplaceholder=\"${ parent.decodeEntities(`\u0418\u043c\u044f`) } \"\r\n\t\t\t\t\t\t\t\t\tonInput=${parent.handleChange}\r\n\t\t\t\t\tonBlur=${parent.handleChange}\r\n\t\t\t\t\taria-invalid=${validation.errors['Nimi'] ? 'true' : 'false'}\r\n\t\t\t\t\tref=${el =>{\r\n\t\t\t\t\t\t\t\t\t\t\t\tparent.activateValidation({\"message\":\"Palun t\\u00e4ida see v\\u00e4li.\",\"minLength\":1,\"maxLength\":\"\",\"type\":\"none\",\"required\":true,\"expression\":\"null\"}, el)\r\n\t\t\t\t\t}}\r\n\t\t\t\t\t\t\t\t\/>\r\n\r\n\t\t\t\t\t\t\t<${validation.ErrorMessage}\r\n\t\t\t\t\terrors=${validation.errors}\r\n\t\t\t\t\tname=\"Nimi\"\r\n\t\t\t\t\tas=${html`<span className=\"mf-error-message\"><\/span>`}\r\n\t\t\t\t\t\/>\r\n\t\t\t\r\n\t\t\t\t\t<\/div>\r\n\r\n\t\t\t\t\t\t<\/div>\n\t\t\t\t<div className=\"elementor-element elementor-element-038f684 elementor-widget elementor-widget-mf-text\" data-id=\"038f684\" data-element_type=\"widget\" data-settings=\"{&quot;mf_input_name&quot;:&quot;Telefon&quot;}\" data-widget_type=\"mf-text.default\">\n\t\t\t\t\t\r\n\t\t<div className=\"mf-input-wrapper\">\r\n\t\t\t\t\t\t\t<label className=\"mf-input-label\" htmlFor=\"mf-input-text-038f684\">\r\n\t\t\t\t\t${ parent.decodeEntities(``) } \t\t\t\t\t<span className=\"mf-input-required-indicator\"><\/span>\r\n\t\t\t\t<\/label>\r\n\t\t\t\r\n\t\t\t<input\r\n\t\t\t\ttype=\"text\"\r\n\t\t\t\tclassName=\"mf-input \"\r\n\t\t\t\tid=\"mf-input-text-038f684\"\r\n\t\t\t\tname=\"Telefon\"\r\n\t\t\t\tplaceholder=\"${ parent.decodeEntities(`\u0422\u0435\u043b\u0435\u0444\u043e\u043d`) } \"\r\n\t\t\t\t\t\t\t\t\tonInput=${parent.handleChange}\r\n\t\t\t\t\tonBlur=${parent.handleChange}\r\n\t\t\t\t\taria-invalid=${validation.errors['Telefon'] ? 'true' : 'false'}\r\n\t\t\t\t\tref=${el =>{\r\n\t\t\t\t\t\t\t\t\t\t\t\tparent.activateValidation({\"message\":\"\\u041e\\u0431\\u044f\\u0437\\u0430\\u0442\\u0435\\u043b\\u044c\\u043d\\u043e\\u0435 \\u043f\\u043e\\u043b\\u0435.\",\"minLength\":1,\"maxLength\":\"\",\"type\":\"none\",\"required\":false,\"expression\":\"null\"}, el)\r\n\t\t\t\t\t}}\r\n\t\t\t\t\t\t\t\t\/>\r\n\r\n\t\t\t\t\t\t\t<${validation.ErrorMessage}\r\n\t\t\t\t\terrors=${validation.errors}\r\n\t\t\t\t\tname=\"Telefon\"\r\n\t\t\t\t\tas=${html`<span className=\"mf-error-message\"><\/span>`}\r\n\t\t\t\t\t\/>\r\n\t\t\t\r\n\t\t\t\t\t<\/div>\r\n\r\n\t\t\t\t\t\t<\/div>\n\t\t\t\t<div className=\"elementor-element elementor-element-d8d88a0 elementor-widget elementor-widget-mf-email\" data-id=\"d8d88a0\" data-element_type=\"widget\" data-settings=\"{&quot;mf_input_name&quot;:&quot;Email&quot;}\" data-widget_type=\"mf-email.default\">\n\t\t\t\t\t\r\n\t\t<div className=\"mf-input-wrapper\">\r\n\t\t\t\t\t\t\t<label className=\"mf-input-label\" htmlFor=\"mf-input-email-d8d88a0\">\r\n\t\t\t\t\t${ parent.decodeEntities(``) } \t\t\t\t\t<span className=\"mf-input-required-indicator\">*<\/span>\r\n\t\t\t\t<\/label>\r\n\t\t\t\r\n\t\t\t<input \r\n\t\t\t\ttype=\"email\" \r\n\t\t\t\t \r\n\t\t\t\tdefaultValue=\"\" \r\n\t\t\t\tclassName=\"mf-input \" \r\n\t\t\t\tid=\"mf-input-email-d8d88a0\" \r\n\t\t\t\tname=\"Email\" \r\n\t\t\t\tplaceholder=\"${ parent.decodeEntities(`\u042d\u043b\u0435\u043a\u0442\u0440\u043e\u043d\u043d\u0430\u044f \u043f\u043e\u0447\u0442\u0430`) } \" \r\n\t\t\t\t \r\n\t\t\t\tonBlur=${parent.handleChange} onFocus=${parent.handleChange} aria-invalid=${validation.errors['Email'] ? 'true' : 'false' } \r\n\t\t\t\tref=${el=> parent.activateValidation({\"message\":\"Palun t\\u00e4ida see v\\u00e4li.\",\"emailMessage\":\"\\u041f\\u043e\\u0436\\u0430\\u043b\\u0443\\u0439\\u0441\\u0442\\u0430, \\u0432\\u0432\\u0435\\u0434\\u0438\\u0442\\u0435 \\u0434\\u0435\\u0439\\u0441\\u0442\\u0432\\u0438\\u0442\\u0435\\u043b\\u044c\\u043d\\u044b\\u0439 email\",\"minLength\":1,\"maxLength\":\"\",\"type\":\"none\",\"required\":true,\"expression\":\"null\"}, el)}\r\n\t\t\t\t\t\t\t\/>\r\n\r\n\t\t\t\t\t\t<${validation.ErrorMessage} \r\n\t\t\t\terrors=${validation.errors} \r\n\t\t\t\tname=\"Email\" \r\n\t\t\t\tas=${html`<span className=\"mf-error-message\"><\/span>`}\r\n\t\t\t\/>\r\n\t\t\t\r\n\t\t\t\t\t<\/div>\r\n\r\n\t\t\t\t<\/div>\n\t\t\t\t<div className=\"elementor-element elementor-element-a37a248 elementor-widget elementor-widget-mf-textarea\" data-id=\"a37a248\" data-element_type=\"widget\" data-settings=\"{&quot;mf_input_name&quot;:&quot;paring&quot;}\" data-widget_type=\"mf-textarea.default\">\n\t\t\t\t\t\r\n\t\t<div className=\"mf-input-wrapper\">\r\n\t\t\t\t\t\t\t<label className=\"mf-input-label\" htmlFor=\"mf-input-text-area-a37a248\">\r\n\t\t\t\t\t${ parent.decodeEntities(``) } \t\t\t\t\t<span className=\"mf-input-required-indicator\"><\/span>\r\n\t\t\t\t<\/label>\r\n\t\t\t\r\n\t\t\t<textarea className=\"mf-input mf-textarea \" id=\"mf-input-text-area-a37a248\"\r\n\t\t\t\tname=\"paring\" \r\n\t\t\t\tplaceholder=\"${ parent.decodeEntities(`\u0421\u043e\u043e\u0431\u0449\u0435\u043d\u0438\u0435`) } \"\r\n\t\t\t\tcols=\"30\" rows=\"10\"\r\n\t\t\t\t\t\t\t\t\tonInput=${ parent.handleChange }\r\n\t\t\t\t\taria-invalid=${validation.errors['paring'] ? 'true' : 'false'}\r\n\t\t\t\t\tref=${ el => parent.activateValidation({\"message\":\"\\u041e\\u0431\\u044f\\u0437\\u0430\\u0442\\u0435\\u043b\\u044c\\u043d\\u043e\\u0435 \\u043f\\u043e\\u043b\\u0435.\",\"minLength\":1,\"maxLength\":\"\",\"type\":\"none\",\"required\":false,\"expression\":\"null\"}, el)}\r\n\t\t\t\t\t\t\t\t><\/textarea>\r\n\r\n\t\t\t\t\t\t\t<${validation.ErrorMessage}\r\n\t\t\t\t\terrors=${validation.errors}\r\n\t\t\t\t\tname=\"paring\"\r\n\t\t\t\t\tas=${html`<span className=\"mf-error-message\"><\/span>`}\r\n\t\t\t\t\t\/>\r\n\t\t\t\t\t\t\t\t<\/div>\r\n\r\n\t\t\t\t\t\t<\/div>\n\t\t\t\t<\/div>\n\t\t\t\t<div className=\"elementor-element elementor-element-b955c41 elementor-widget elementor-widget-mf-listing-optin\" data-id=\"b955c41\" data-element_type=\"widget\" data-settings=\"{&quot;mf_input_name&quot;:&quot;uudiskiri&quot;}\" data-widget_type=\"mf-listing-optin.default\">\n\t\t\t\t\t\n\t\t<div className=\"mf-input-wrapper\">\n\t\t\t\t\t\t\t<label className=\"mf-input-label\" htmlFor=\"mf-input-optin-b955c41\">\n\t\t\t\t\t${ parent.decodeEntities(``) } \t\t\t\t\t<span className=\"mf-input-required-indicator\"><\/span>\n\t\t\t\t<\/label>\n\t\t\t\n\t\t\t<div className=\"mf-checkbox multi-option-input-type\" id=\"mf-input-optin-b955c41\">\n\t\t\t\t<div className=\"mf-checkbox-option\">\n\t\t\t\t\t<label>\n\t\t\t\t\t\t\t\t\t\t\t\t<input\n\t\t\t\t\t\t\ttype=\"checkbox\"\n\t\t\t\t\t\t\tclassName=\"mf-input mf-checkbox-input \"\n\t\t\t\t\t\t\tname=\"uudiskiri\" \n\t\t\t\t\t\t\tvalue=\"1\"\n\t\t\t\t\t\t\t\t\t\t\t\t\t\t\tonInput=${ parent.handleOptin }\n\t\t\t\t\t\t\t\taria-invalid=${validation.errors['uudiskiri'] ? 'true' : 'false'}\n\t\t\t\t\t\t\t\tref=${el => parent.activateValidation({\"message\":\"\\u041e\\u0431\\u044f\\u0437\\u0430\\u0442\\u0435\\u043b\\u044c\\u043d\\u043e\\u0435 \\u043f\\u043e\\u043b\\u0435.\",\"required\":false}, el)}\n\t\t\t\t\t\t\t\t\t\t\t\t\t\t\/>\n\t\t\t\t\t\t<span>\n\t\t\t\t\t\t\t\u042f \u0445\u043e\u0447\u0443 \u043f\u043e\u0434\u043f\u0438\u0441\u0430\u0442\u044c\u0441\u044f \u043d\u0430 \u043d\u043e\u0432\u043e\u0441\u0442\u043d\u0443\u044e \u0440\u0430\u0441\u0441\u044b\u043b\u043a\u0443 Hild House, \u0447\u0442\u043e\u0431\u044b \u0431\u044b\u0442\u044c \u0432 \u043a\u0443\u0440\u0441\u0435 \u043d\u043e\u0432\u043e\u0441\u0442\u0435\u0439 \u0438 \u0431\u0443\u0434\u0443\u0449\u0438\u0445 \u043f\u0440\u043e\u0435\u043a\u0442\u043e\u0432.\t\t\t\t\t\t<\/span>\n\t\t\t\t\t<\/label>\n\t\t\t\t<\/div>\n\t\t\t<\/div>\n\n\t\t\t\t\t\t\t<${validation.ErrorMessage}\n\t\t\t\t\terrors=${validation.errors}\n\t\t\t\t\tname=\"uudiskiri\"\n\t\t\t\t\tas=${html`<span className=\"mf-error-message\"><\/span>`}\n\t\t\t\t\t\/>\n\t\t\t\t\t\t\n\t\t\t\t\t<\/div>\n\n\t\t\t\t\t\t<\/div>\n\t\t\t\t<div className=\"elementor-element elementor-element-5dc4321 elementor-widget elementor-widget-text-editor\" data-id=\"5dc4321\" data-element_type=\"widget\" data-widget_type=\"text-editor.default\">\n\t\t\t\t\t\t\t\t\t<p>\u041e\u0442\u043f\u0440\u0430\u0432\u043b\u044f\u044f \u0437\u0430\u043f\u0440\u043e\u0441, \u0432\u044b \u0441\u043e\u0433\u043b\u0430\u0448\u0430\u0435\u0442\u0435\u0441\u044c \u0441 \u043d\u0430\u0448\u0435\u0439 <a href=\"https:\/\/hildhouse.ee\/ru\/\u043f\u043e\u043b\u0438\u0442\u0438\u043a\u0430-\u043a\u043e\u043d\u0444\u0438\u0434\u0435\u043d\u0446\u0438\u0430\u043b\u044c\u043d\u043e\u0441\u0442\u0438\/\"><span style=${{ 'text-decoration': 'underline', }}>\u043f\u043e\u043b\u0438\u0442\u0438\u043a\u043e\u0439 \u043a\u043e\u043d\u0444\u0438\u0434\u0435\u043d\u0446\u0438\u0430\u043b\u044c\u043d\u043e\u0441\u0442\u0438<\/span><\/a>.<\/p>\t\t\t\t\t\t\t\t<\/div>\n\t\t\t\t<div className=\"elementor-element elementor-element-139010e elementor-widget elementor-widget-mf-recaptcha\" data-id=\"139010e\" data-element_type=\"widget\" data-widget_type=\"mf-recaptcha.default\">\n\t\t\t\t\t\t\t<div className=\"mf-input-wrapper\">\n\t\t\t\t\t\t\t\t\n\t\t\t\t\t<div id=\"recaptcha_site_key_v3\" data-sitekey=\"6Leu0DksAAAAAOmXkSxOWZZafY_EcB6eYsJaeYmC\"  className=\"recaptcha_site_key_v3 \">\n\t\t\t\t\t\t<input type=\"hidden\" className=\"g-recaptcha-response-v3\" name=\"g-recaptcha-response-v3\" \/>\n\t\t\t\t\t<\/div>\n\t\t\t\t\t\n\t\t\t\t\t\t\t<\/div>\n\n\t\t\t\t\t\t<\/div>\n\t\t\t\t<div className=\"elementor-element elementor-element-d1fb921 mf-btn--left elementor-widget elementor-widget-mf-button\" data-id=\"d1fb921\" data-element_type=\"widget\" data-widget_type=\"mf-button.default\">\n\t\t\t\t\t\t\t<div className=\"mf-btn-wraper \" data-mf-form-conditional-logic-requirement=\"\">\r\n\t\t\t\t\t\t\t<button type=\"submit\" className=\"metform-btn metform-submit-btn \" id=\"\">\r\n\t\t\t\t\t<span>${ parent.decodeEntities(`\u041e\u0442\u043f\u0440\u0430\u0432\u0438\u0442\u044c`) } <\/span>\r\n\t\t\t\t\t<svg xmlns=\"http:\/\/www.w3.org\/2000\/svg\" width=\"12\" height=\"10\" viewBox=\"0 0 12 10\" fill=\"none\"><path d=\"M0.5 5H11M11 5L8 0.5M11 5L8 9\" stroke=\"black\" stroke-linecap=\"round\"><\/path><\/svg>\t\t\t\t<\/button>\r\n\t\t\t        <\/div>\r\n        \t\t\t\t<\/div>\n\t\t\t\t\t<\/div>\n\t\t\t\t<\/div>\n\t\t\t\t<\/div>\n\t\t\t\t\t\t\t`}\r\n\t\t\t\t\t<\/div>\r\n\r\n\t\t\t\t\t${is_dummy_markup ? message_position === 'bottom' ? props.ResponseDummyMarkup(message_successIcon, message_proClass) : '' : ''}\r\n\t\t\t\t\t${is_dummy_markup ? ' ' : message_position === 'bottom' ? props.SubmitResponseMarkup`${parent}${state}${message_successIcon}${message_errorIcon}${message_proClass}` : ''}\r\n\t\t\t\t\r\n\t\t\t\t<\/form>\r\n\t\t\t`\r\n\t\t<\/script>\r\n\r\n\t\t<\/div><\/div>\n\t\t\t\t\t\t<\/div>\n\t\t\t\t<\/div>\n\t\t\t\t<\/div>\n\t\t\t\t\t<\/div>\n\t\t\t\t<\/div>\n\t\t\t\t<\/div>\n\t\t","protected":false},"excerpt":{"rendered":"<p>Hild House O\u00dc hildhouse@hildhouse.ee +372 5 222 412 \u041f\u043e\u0434\u043f\u0438\u0441\u044b\u0432\u0430\u0439\u0442\u0435\u0441\u044c \u043d\u0430 \u043d\u0430\u0441 \u0432 \u0441\u043e\u0446\u0438\u0430\u043b\u044c\u043d\u044b\u0445 \u0441\u0435\u0442\u044f\u0445! \u041c\u0430\u0440\u043a\u0435\u0442\u0438\u043d\u0433\u043e\u0432\u044b\u0435 \u0437\u0430\u043f\u0440\u043e\u0441\u044b marketing@hildhouse.ee +372 5383 8108 [&hellip;]<\/p>\n","protected":false},"author":1,"featured_media":0,"parent":0,"menu_order":0,"comment_status":"closed","ping_status":"closed","template":"elementor_header_footer","meta":{"site-sidebar-layout":"no-sidebar","site-content-layout":"","ast-site-content-layout":"full-width-container","site-content-style":"default","site-sidebar-style":"default","ast-global-header-display":"","ast-banner-title-visibility":"","ast-main-header-display":"","ast-hfb-above-header-display":"","ast-hfb-below-header-display":"","ast-hfb-mobile-header-display":"","site-post-title":"","ast-breadcrumbs-content":"","ast-featured-img":"disabled","footer-sml-layout":"","ast-disable-related-posts":"","theme-transparent-header-meta":"default","adv-header-id-meta":"","stick-header-meta":"","header-above-stick-meta":"","header-main-stick-meta":"","header-below-stick-meta":"","astra-migrate-meta-layouts":"default","ast-page-background-enabled":"default","ast-page-background-meta":{"desktop":{"background-color":"var(--ast-global-color-5)","background-image":"","background-repeat":"repeat","background-position":"center center","background-size":"auto","background-attachment":"scroll","background-type":"","background-media":"","overlay-type":"","overlay-color":"","overlay-opacity":"","overlay-gradient":""},"tablet":{"background-color":"","background-image":"","background-repeat":"repeat","background-position":"center center","background-size":"auto","background-attachment":"scroll","background-type":"","background-media":"","overlay-type":"","overlay-color":"","overlay-opacity":"","overlay-gradient":""},"mobile":{"background-color":"","background-image":"","background-repeat":"repeat","background-position":"center center","background-size":"auto","background-attachment":"scroll","background-type":"","background-media":"","overlay-type":"","overlay-color":"","overlay-opacity":"","overlay-gradient":""}},"ast-content-background-meta":{"desktop":{"background-color":"var(--ast-global-color-4)","background-image":"","background-repeat":"repeat","background-position":"center center","background-size":"auto","background-attachment":"scroll","background-type":"","background-media":"","overlay-type":"","overlay-color":"","overlay-opacity":"","overlay-gradient":""},"tablet":{"background-color":"var(--ast-global-color-4)","background-image":"","background-repeat":"repeat","background-position":"center center","background-size":"auto","background-attachment":"scroll","background-type":"","background-media":"","overlay-type":"","overlay-color":"","overlay-opacity":"","overlay-gradient":""},"mobile":{"background-color":"var(--ast-global-color-4)","background-image":"","background-repeat":"repeat","background-position":"center center","background-size":"auto","background-attachment":"scroll","background-type":"","background-media":"","overlay-type":"","overlay-color":"","overlay-opacity":"","overlay-gradient":""}},"footnotes":""},"class_list":["post-2370","page","type-page","status-publish","hentry"],"aioseo_notices":[],"_links":{"self":[{"href":"https:\/\/hildhouse.ee\/ru\/wp-json\/wp\/v2\/pages\/2370","targetHints":{"allow":["GET"]}}],"collection":[{"href":"https:\/\/hildhouse.ee\/ru\/wp-json\/wp\/v2\/pages"}],"about":[{"href":"https:\/\/hildhouse.ee\/ru\/wp-json\/wp\/v2\/types\/page"}],"author":[{"embeddable":true,"href":"https:\/\/hildhouse.ee\/ru\/wp-json\/wp\/v2\/users\/1"}],"replies":[{"embeddable":true,"href":"https:\/\/hildhouse.ee\/ru\/wp-json\/wp\/v2\/comments?post=2370"}],"version-history":[{"count":12,"href":"https:\/\/hildhouse.ee\/ru\/wp-json\/wp\/v2\/pages\/2370\/revisions"}],"predecessor-version":[{"id":3057,"href":"https:\/\/hildhouse.ee\/ru\/wp-json\/wp\/v2\/pages\/2370\/revisions\/3057"}],"wp:attachment":[{"href":"https:\/\/hildhouse.ee\/ru\/wp-json\/wp\/v2\/media?parent=2370"}],"curies":[{"name":"wp","href":"https:\/\/api.w.org\/{rel}","templated":true}]}}